{"id":3544,"date":"2021-02-11T11:47:49","date_gmt":"2021-02-11T16:47:49","guid":{"rendered":"https:\/\/continuingeducation.johnabbott.qc.ca\/full-stack-developer-info-session\/"},"modified":"2025-08-19T14:36:13","modified_gmt":"2025-08-19T18:36:13","slug":"full-stack-developer-info-session","status":"publish","type":"page","link":"https:\/\/continuingeducation.johnabbott.qc.ca\/fr\/full-stack-developer-info-session\/","title":{"rendered":"Full Stack Developer"},"content":{"rendered":"<p id=\"tw-target-text\" class=\"tw-data-text tw-text-large tw-ta\" dir=\"ltr\" data-placeholder=\"Translation\"><span style=\"color: #ff0000;\"><strong>Veuillez soumettre votre demande de participation \u00e0 une session d&rsquo;information en une seule fois.<\/strong><\/span><\/p>\n<p>Inscrivez-vous d\u00e8s aujourd&rsquo;hui \u00e0 une s\u00e9ance d&rsquo;information et faites le premier pas vers un parcours professionnel \u00e9panouissant !<\/p>\n<div class=\"responsive-form\"><iframe src=\"https:\/\/app.cyberimpact.com\/clients\/47564\/subscribe-forms\/B304820D-C872-4878-AA17-0341C1FF5B6D\" width=\"800\" height=\"900\" frameborder=\"0\" marginwidth=\"0\" marginheight=\"0\" scrolling=\"auto\"><span data-mce-type=\"bookmark\" style=\"display: inline-block; width: 0px; overflow: hidden; line-height: 0;\" class=\"mce_SELRES_start\">\ufeff<\/span><span data-mce-type=\"bookmark\" style=\"display: inline-block; width: 0px; overflow: hidden; line-height: 0;\" class=\"mce_SELRES_start\">\ufeff<\/span><\/iframe><\/div>\n","protected":false},"excerpt":{"rendered":"<p>Veuillez soumettre votre demande de participation \u00e0 une session d&rsquo;information en une seule fois. Inscrivez-vous d\u00e8s aujourd&rsquo;hui \u00e0 une s\u00e9ance d&rsquo;information et faites le premier pas vers un parcours professionnel \u00e9panouissant ! \ufeff\ufeff<\/p>\n","protected":false},"author":29,"featured_media":0,"parent":0,"menu_order":0,"comment_status":"closed","ping_status":"closed","template":"","meta":{"_acf_changed":false,"footnotes":""},"class_list":["post-3544","page","type-page","status-publish","hentry"],"acf":[],"yoast_head":"<!-- This site is optimized with the Yoast SEO plugin v26.8 - https:\/\/yoast.com\/product\/yoast-seo-wordpress\/ -->\n<title>Full Stack Developer - John Abbott College<\/title>\n<meta name=\"robots\" content=\"index, follow, max-snippet:-1, max-image-preview:large, max-video-preview:-1\" \/>\n<link rel=\"canonical\" href=\"https:\/\/continuingeducation.johnabbott.qc.ca\/fr\/full-stack-developer-info-session\/\" \/>\n<meta property=\"og:locale\" content=\"fr_FR\" \/>\n<meta property=\"og:type\" content=\"article\" \/>\n<meta property=\"og:title\" content=\"Full Stack Developer - John Abbott College\" \/>\n<meta property=\"og:description\" content=\"Veuillez soumettre votre demande de participation \u00e0 une session d&rsquo;information en une seule fois. Inscrivez-vous d\u00e8s aujourd&rsquo;hui \u00e0 une s\u00e9ance d&rsquo;information et faites le premier pas vers un parcours professionnel \u00e9panouissant ! \ufeff\ufeff\" \/>\n<meta property=\"og:url\" content=\"https:\/\/continuingeducation.johnabbott.qc.ca\/fr\/full-stack-developer-info-session\/\" \/>\n<meta property=\"og:site_name\" content=\"John Abbott College\" \/>\n<meta property=\"article:modified_time\" content=\"2025-08-19T18:36:13+00:00\" \/>\n<meta name=\"twitter:card\" content=\"summary_large_image\" \/>\n<meta name=\"twitter:label1\" content=\"Dur\u00e9e de lecture estim\u00e9e\" \/>\n\t<meta name=\"twitter:data1\" content=\"1 minute\" \/>\n<script type=\"application\/ld+json\" class=\"yoast-schema-graph\">{\"@context\":\"https:\/\/schema.org\",\"@graph\":[{\"@type\":\"WebPage\",\"@id\":\"https:\/\/continuingeducation.johnabbott.qc.ca\/fr\/full-stack-developer-info-session\/\",\"url\":\"https:\/\/continuingeducation.johnabbott.qc.ca\/fr\/full-stack-developer-info-session\/\",\"name\":\"Full Stack Developer - John Abbott College\",\"isPartOf\":{\"@id\":\"https:\/\/continuingeducation.johnabbott.qc.ca\/#website\"},\"datePublished\":\"2021-02-11T16:47:49+00:00\",\"dateModified\":\"2025-08-19T18:36:13+00:00\",\"breadcrumb\":{\"@id\":\"https:\/\/continuingeducation.johnabbott.qc.ca\/fr\/full-stack-developer-info-session\/#breadcrumb\"},\"inLanguage\":\"fr-FR\",\"potentialAction\":[{\"@type\":\"ReadAction\",\"target\":[\"https:\/\/continuingeducation.johnabbott.qc.ca\/fr\/full-stack-developer-info-session\/\"]}]},{\"@type\":\"BreadcrumbList\",\"@id\":\"https:\/\/continuingeducation.johnabbott.qc.ca\/fr\/full-stack-developer-info-session\/#breadcrumb\",\"itemListElement\":[{\"@type\":\"ListItem\",\"position\":1,\"name\":\"Home\",\"item\":\"https:\/\/continuingeducation.johnabbott.qc.ca\/fr\/\"},{\"@type\":\"ListItem\",\"position\":2,\"name\":\"Full Stack Developer\"}]},{\"@type\":\"WebSite\",\"@id\":\"https:\/\/continuingeducation.johnabbott.qc.ca\/#website\",\"url\":\"https:\/\/continuingeducation.johnabbott.qc.ca\/\",\"name\":\"John Abbott College\",\"description\":\"\",\"potentialAction\":[{\"@type\":\"SearchAction\",\"target\":{\"@type\":\"EntryPoint\",\"urlTemplate\":\"https:\/\/continuingeducation.johnabbott.qc.ca\/?s={search_term_string}\"},\"query-input\":{\"@type\":\"PropertyValueSpecification\",\"valueRequired\":true,\"valueName\":\"search_term_string\"}}],\"inLanguage\":\"fr-FR\"}]}<\/script>\n<!-- \/ Yoast SEO plugin. -->","yoast_head_json":{"title":"Full Stack Developer - John Abbott College","robots":{"index":"index","follow":"follow","max-snippet":"max-snippet:-1","max-image-preview":"max-image-preview:large","max-video-preview":"max-video-preview:-1"},"canonical":"https:\/\/continuingeducation.johnabbott.qc.ca\/fr\/full-stack-developer-info-session\/","og_locale":"fr_FR","og_type":"article","og_title":"Full Stack Developer - John Abbott College","og_description":"Veuillez soumettre votre demande de participation \u00e0 une session d&rsquo;information en une seule fois. Inscrivez-vous d\u00e8s aujourd&rsquo;hui \u00e0 une s\u00e9ance d&rsquo;information et faites le premier pas vers un parcours professionnel \u00e9panouissant ! \ufeff\ufeff","og_url":"https:\/\/continuingeducation.johnabbott.qc.ca\/fr\/full-stack-developer-info-session\/","og_site_name":"John Abbott College","article_modified_time":"2025-08-19T18:36:13+00:00","twitter_card":"summary_large_image","twitter_misc":{"Dur\u00e9e de lecture estim\u00e9e":"1 minute"},"schema":{"@context":"https:\/\/schema.org","@graph":[{"@type":"WebPage","@id":"https:\/\/continuingeducation.johnabbott.qc.ca\/fr\/full-stack-developer-info-session\/","url":"https:\/\/continuingeducation.johnabbott.qc.ca\/fr\/full-stack-developer-info-session\/","name":"Full Stack Developer - John Abbott College","isPartOf":{"@id":"https:\/\/continuingeducation.johnabbott.qc.ca\/#website"},"datePublished":"2021-02-11T16:47:49+00:00","dateModified":"2025-08-19T18:36:13+00:00","breadcrumb":{"@id":"https:\/\/continuingeducation.johnabbott.qc.ca\/fr\/full-stack-developer-info-session\/#breadcrumb"},"inLanguage":"fr-FR","potentialAction":[{"@type":"ReadAction","target":["https:\/\/continuingeducation.johnabbott.qc.ca\/fr\/full-stack-developer-info-session\/"]}]},{"@type":"BreadcrumbList","@id":"https:\/\/continuingeducation.johnabbott.qc.ca\/fr\/full-stack-developer-info-session\/#breadcrumb","itemListElement":[{"@type":"ListItem","position":1,"name":"Home","item":"https:\/\/continuingeducation.johnabbott.qc.ca\/fr\/"},{"@type":"ListItem","position":2,"name":"Full Stack Developer"}]},{"@type":"WebSite","@id":"https:\/\/continuingeducation.johnabbott.qc.ca\/#website","url":"https:\/\/continuingeducation.johnabbott.qc.ca\/","name":"John Abbott College","description":"","potentialAction":[{"@type":"SearchAction","target":{"@type":"EntryPoint","urlTemplate":"https:\/\/continuingeducation.johnabbott.qc.ca\/?s={search_term_string}"},"query-input":{"@type":"PropertyValueSpecification","valueRequired":true,"valueName":"search_term_string"}}],"inLanguage":"fr-FR"}]}},"_links":{"self":[{"href":"https:\/\/continuingeducation.johnabbott.qc.ca\/fr\/wp-json\/wp\/v2\/pages\/3544","targetHints":{"allow":["GET"]}}],"collection":[{"href":"https:\/\/continuingeducation.johnabbott.qc.ca\/fr\/wp-json\/wp\/v2\/pages"}],"about":[{"href":"https:\/\/continuingeducation.johnabbott.qc.ca\/fr\/wp-json\/wp\/v2\/types\/page"}],"author":[{"embeddable":true,"href":"https:\/\/continuingeducation.johnabbott.qc.ca\/fr\/wp-json\/wp\/v2\/users\/29"}],"replies":[{"embeddable":true,"href":"https:\/\/continuingeducation.johnabbott.qc.ca\/fr\/wp-json\/wp\/v2\/comments?post=3544"}],"version-history":[{"count":4,"href":"https:\/\/continuingeducation.johnabbott.qc.ca\/fr\/wp-json\/wp\/v2\/pages\/3544\/revisions"}],"predecessor-version":[{"id":7287,"href":"https:\/\/continuingeducation.johnabbott.qc.ca\/fr\/wp-json\/wp\/v2\/pages\/3544\/revisions\/7287"}],"wp:attachment":[{"href":"https:\/\/continuingeducation.johnabbott.qc.ca\/fr\/wp-json\/wp\/v2\/media?parent=3544"}],"curies":[{"name":"wp","href":"https:\/\/api.w.org\/{rel}","templated":true}]}}