{"id":3715,"date":"2020-08-19T15:39:30","date_gmt":"2020-08-19T15:39:30","guid":{"rendered":"https:\/\/continuingeducation.johnabbott.qc.ca\/attestation-of-collegial-studies-a-e-c-programs-general-admission-requirements\/"},"modified":"2026-03-24T11:11:13","modified_gmt":"2026-03-24T15:11:13","slug":"programmes-dattestation-detudes-collegiales-a-e-c-conditions-generales-dadmission","status":"publish","type":"page","link":"https:\/\/continuingeducation.johnabbott.qc.ca\/fr\/programmes-dattestation-detudes-collegiales-a-e-c-conditions-generales-dadmission\/","title":{"rendered":"Programmes d&rsquo;attestation d&rsquo;\u00e9tudes coll\u00e9giales (AEC) &#8211; Conditions g\u00e9n\u00e9rales d&rsquo;admission"},"content":{"rendered":"","protected":false},"excerpt":{"rendered":"","protected":false},"author":8,"featured_media":0,"parent":0,"menu_order":0,"comment_status":"closed","ping_status":"closed","template":"page-templates\/RAC.php","meta":{"_acf_changed":false,"footnotes":""},"class_list":["post-3715","page","type-page","status-publish","hentry"],"acf":[],"yoast_head":"<!-- This site is optimized with the Yoast SEO plugin v26.8 - https:\/\/yoast.com\/product\/yoast-seo-wordpress\/ -->\n<title>Programmes d&#039;attestation d&#039;\u00e9tudes coll\u00e9giales (AEC) - Conditions g\u00e9n\u00e9rales d&#039;admission - John Abbott College<\/title>\n<meta name=\"robots\" content=\"index, follow, max-snippet:-1, max-image-preview:large, max-video-preview:-1\" \/>\n<link rel=\"canonical\" href=\"https:\/\/continuingeducation.johnabbott.qc.ca\/fr\/programmes-dattestation-detudes-collegiales-a-e-c-conditions-generales-dadmission\/\" \/>\n<meta property=\"og:locale\" content=\"fr_FR\" \/>\n<meta property=\"og:type\" content=\"article\" \/>\n<meta property=\"og:title\" content=\"Programmes d&#039;attestation d&#039;\u00e9tudes coll\u00e9giales (AEC) - Conditions g\u00e9n\u00e9rales d&#039;admission - John Abbott College\" \/>\n<meta property=\"og:url\" content=\"https:\/\/continuingeducation.johnabbott.qc.ca\/fr\/programmes-dattestation-detudes-collegiales-a-e-c-conditions-generales-dadmission\/\" \/>\n<meta property=\"og:site_name\" content=\"John Abbott College\" \/>\n<meta property=\"article:modified_time\" content=\"2026-03-24T15:11:13+00:00\" \/>\n<meta name=\"twitter:card\" content=\"summary_large_image\" \/>\n<script type=\"application\/ld+json\" class=\"yoast-schema-graph\">{\"@context\":\"https:\/\/schema.org\",\"@graph\":[{\"@type\":\"WebPage\",\"@id\":\"https:\/\/continuingeducation.johnabbott.qc.ca\/fr\/programmes-dattestation-detudes-collegiales-a-e-c-conditions-generales-dadmission\/\",\"url\":\"https:\/\/continuingeducation.johnabbott.qc.ca\/fr\/programmes-dattestation-detudes-collegiales-a-e-c-conditions-generales-dadmission\/\",\"name\":\"Programmes d'attestation d'\u00e9tudes coll\u00e9giales (AEC) - Conditions g\u00e9n\u00e9rales d'admission - John Abbott College\",\"isPartOf\":{\"@id\":\"https:\/\/continuingeducation.johnabbott.qc.ca\/#website\"},\"datePublished\":\"2020-08-19T15:39:30+00:00\",\"dateModified\":\"2026-03-24T15:11:13+00:00\",\"breadcrumb\":{\"@id\":\"https:\/\/continuingeducation.johnabbott.qc.ca\/fr\/programmes-dattestation-detudes-collegiales-a-e-c-conditions-generales-dadmission\/#breadcrumb\"},\"inLanguage\":\"fr-FR\",\"potentialAction\":[{\"@type\":\"ReadAction\",\"target\":[\"https:\/\/continuingeducation.johnabbott.qc.ca\/fr\/programmes-dattestation-detudes-collegiales-a-e-c-conditions-generales-dadmission\/\"]}]},{\"@type\":\"BreadcrumbList\",\"@id\":\"https:\/\/continuingeducation.johnabbott.qc.ca\/fr\/programmes-dattestation-detudes-collegiales-a-e-c-conditions-generales-dadmission\/#breadcrumb\",\"itemListElement\":[{\"@type\":\"ListItem\",\"position\":1,\"name\":\"Home\",\"item\":\"https:\/\/continuingeducation.johnabbott.qc.ca\/fr\/\"},{\"@type\":\"ListItem\",\"position\":2,\"name\":\"Programmes d&#8217;attestation d&#8217;\u00e9tudes coll\u00e9giales (AEC) &#8211; Conditions g\u00e9n\u00e9rales d&#8217;admission\"}]},{\"@type\":\"WebSite\",\"@id\":\"https:\/\/continuingeducation.johnabbott.qc.ca\/#website\",\"url\":\"https:\/\/continuingeducation.johnabbott.qc.ca\/\",\"name\":\"John Abbott College\",\"description\":\"\",\"potentialAction\":[{\"@type\":\"SearchAction\",\"target\":{\"@type\":\"EntryPoint\",\"urlTemplate\":\"https:\/\/continuingeducation.johnabbott.qc.ca\/?s={search_term_string}\"},\"query-input\":{\"@type\":\"PropertyValueSpecification\",\"valueRequired\":true,\"valueName\":\"search_term_string\"}}],\"inLanguage\":\"fr-FR\"}]}<\/script>\n<!-- \/ Yoast SEO plugin. -->","yoast_head_json":{"title":"Programmes d'attestation d'\u00e9tudes coll\u00e9giales (AEC) - Conditions g\u00e9n\u00e9rales d'admission - John Abbott College","robots":{"index":"index","follow":"follow","max-snippet":"max-snippet:-1","max-image-preview":"max-image-preview:large","max-video-preview":"max-video-preview:-1"},"canonical":"https:\/\/continuingeducation.johnabbott.qc.ca\/fr\/programmes-dattestation-detudes-collegiales-a-e-c-conditions-generales-dadmission\/","og_locale":"fr_FR","og_type":"article","og_title":"Programmes d'attestation d'\u00e9tudes coll\u00e9giales (AEC) - Conditions g\u00e9n\u00e9rales d'admission - John Abbott College","og_url":"https:\/\/continuingeducation.johnabbott.qc.ca\/fr\/programmes-dattestation-detudes-collegiales-a-e-c-conditions-generales-dadmission\/","og_site_name":"John Abbott College","article_modified_time":"2026-03-24T15:11:13+00:00","twitter_card":"summary_large_image","schema":{"@context":"https:\/\/schema.org","@graph":[{"@type":"WebPage","@id":"https:\/\/continuingeducation.johnabbott.qc.ca\/fr\/programmes-dattestation-detudes-collegiales-a-e-c-conditions-generales-dadmission\/","url":"https:\/\/continuingeducation.johnabbott.qc.ca\/fr\/programmes-dattestation-detudes-collegiales-a-e-c-conditions-generales-dadmission\/","name":"Programmes d'attestation d'\u00e9tudes coll\u00e9giales (AEC) - Conditions g\u00e9n\u00e9rales d'admission - John Abbott College","isPartOf":{"@id":"https:\/\/continuingeducation.johnabbott.qc.ca\/#website"},"datePublished":"2020-08-19T15:39:30+00:00","dateModified":"2026-03-24T15:11:13+00:00","breadcrumb":{"@id":"https:\/\/continuingeducation.johnabbott.qc.ca\/fr\/programmes-dattestation-detudes-collegiales-a-e-c-conditions-generales-dadmission\/#breadcrumb"},"inLanguage":"fr-FR","potentialAction":[{"@type":"ReadAction","target":["https:\/\/continuingeducation.johnabbott.qc.ca\/fr\/programmes-dattestation-detudes-collegiales-a-e-c-conditions-generales-dadmission\/"]}]},{"@type":"BreadcrumbList","@id":"https:\/\/continuingeducation.johnabbott.qc.ca\/fr\/programmes-dattestation-detudes-collegiales-a-e-c-conditions-generales-dadmission\/#breadcrumb","itemListElement":[{"@type":"ListItem","position":1,"name":"Home","item":"https:\/\/continuingeducation.johnabbott.qc.ca\/fr\/"},{"@type":"ListItem","position":2,"name":"Programmes d&#8217;attestation d&#8217;\u00e9tudes coll\u00e9giales (AEC) &#8211; Conditions g\u00e9n\u00e9rales d&#8217;admission"}]},{"@type":"WebSite","@id":"https:\/\/continuingeducation.johnabbott.qc.ca\/#website","url":"https:\/\/continuingeducation.johnabbott.qc.ca\/","name":"John Abbott College","description":"","potentialAction":[{"@type":"SearchAction","target":{"@type":"EntryPoint","urlTemplate":"https:\/\/continuingeducation.johnabbott.qc.ca\/?s={search_term_string}"},"query-input":{"@type":"PropertyValueSpecification","valueRequired":true,"valueName":"search_term_string"}}],"inLanguage":"fr-FR"}]}},"_links":{"self":[{"href":"https:\/\/continuingeducation.johnabbott.qc.ca\/fr\/wp-json\/wp\/v2\/pages\/3715","targetHints":{"allow":["GET"]}}],"collection":[{"href":"https:\/\/continuingeducation.johnabbott.qc.ca\/fr\/wp-json\/wp\/v2\/pages"}],"about":[{"href":"https:\/\/continuingeducation.johnabbott.qc.ca\/fr\/wp-json\/wp\/v2\/types\/page"}],"author":[{"embeddable":true,"href":"https:\/\/continuingeducation.johnabbott.qc.ca\/fr\/wp-json\/wp\/v2\/users\/8"}],"replies":[{"embeddable":true,"href":"https:\/\/continuingeducation.johnabbott.qc.ca\/fr\/wp-json\/wp\/v2\/comments?post=3715"}],"version-history":[{"count":2,"href":"https:\/\/continuingeducation.johnabbott.qc.ca\/fr\/wp-json\/wp\/v2\/pages\/3715\/revisions"}],"predecessor-version":[{"id":7610,"href":"https:\/\/continuingeducation.johnabbott.qc.ca\/fr\/wp-json\/wp\/v2\/pages\/3715\/revisions\/7610"}],"wp:attachment":[{"href":"https:\/\/continuingeducation.johnabbott.qc.ca\/fr\/wp-json\/wp\/v2\/media?parent=3715"}],"curies":[{"name":"wp","href":"https:\/\/api.w.org\/{rel}","templated":true}]}}