{"id":3719,"date":"2020-08-14T20:13:22","date_gmt":"2020-08-14T20:13:22","guid":{"rendered":"https:\/\/continuingeducation.johnabbott.qc.ca\/accessibility\/"},"modified":"2023-03-02T10:46:05","modified_gmt":"2023-03-02T15:46:05","slug":"accessibilite","status":"publish","type":"page","link":"https:\/\/continuingeducation.johnabbott.qc.ca\/fr\/accessibilite\/","title":{"rendered":"Accessibilit\u00e9"},"content":{"rendered":"<p>Le C\u00e9gep John-Abbott s\u2019engage \u00e0 assurer l\u2019accessibilit\u00e9 de ce site Web aux personnes handicap\u00e9es ou ayant des limitations physiques dans la mesure des ressources disponibles.<\/p>\n<p>Dans son \u00e9tat actuel, le site r\u00e9pond \u00e0 la plupart des exigences des Normes sur l\u2019accessibilit\u00e9 des sites Web, mais nous ne pouvons garantir la pleine conformit\u00e9 du contenu.<\/p>\n<p>Si vous \u00e9prouvez de la difficult\u00e9 \u00e0 consulter une page, un formulaire ou un document, communiquez avec nous au 514\u00a0457-6610, poste\u00a05098.<\/p>\n","protected":false},"excerpt":{"rendered":"<p>Le C\u00e9gep John-Abbott s\u2019engage \u00e0 assurer l\u2019accessibilit\u00e9 de ce site Web aux personnes handicap\u00e9es ou ayant des limitations physiques dans la mesure des ressources disponibles. Dans son \u00e9tat actuel, le site r\u00e9pond \u00e0 la plupart des exigences des Normes sur l\u2019accessibilit\u00e9 des sites Web, mais nous ne pouvons garantir la pleine conformit\u00e9 du contenu. Si [&hellip;]<\/p>\n","protected":false},"author":2,"featured_media":0,"parent":0,"menu_order":0,"comment_status":"closed","ping_status":"closed","template":"","meta":{"_acf_changed":false,"footnotes":""},"class_list":["post-3719","page","type-page","status-publish","hentry"],"acf":[],"yoast_head":"<!-- This site is optimized with the Yoast SEO plugin v26.8 - https:\/\/yoast.com\/product\/yoast-seo-wordpress\/ -->\n<title>Accessibilit\u00e9 - John Abbott College<\/title>\n<meta name=\"robots\" content=\"index, follow, max-snippet:-1, max-image-preview:large, max-video-preview:-1\" \/>\n<link rel=\"canonical\" href=\"https:\/\/continuingeducation.johnabbott.qc.ca\/fr\/accessibilite\/\" \/>\n<meta property=\"og:locale\" content=\"fr_FR\" \/>\n<meta property=\"og:type\" content=\"article\" \/>\n<meta property=\"og:title\" content=\"Accessibilit\u00e9 - John Abbott College\" \/>\n<meta property=\"og:description\" content=\"Le C\u00e9gep John-Abbott s\u2019engage \u00e0 assurer l\u2019accessibilit\u00e9 de ce site Web aux personnes handicap\u00e9es ou ayant des limitations physiques dans la mesure des ressources disponibles. Dans son \u00e9tat actuel, le site r\u00e9pond \u00e0 la plupart des exigences des Normes sur l\u2019accessibilit\u00e9 des sites Web, mais nous ne pouvons garantir la pleine conformit\u00e9 du contenu. Si [&hellip;]\" \/>\n<meta property=\"og:url\" content=\"https:\/\/continuingeducation.johnabbott.qc.ca\/fr\/accessibilite\/\" \/>\n<meta property=\"og:site_name\" content=\"John Abbott College\" \/>\n<meta property=\"article:modified_time\" content=\"2023-03-02T15:46:05+00:00\" \/>\n<meta name=\"twitter:card\" content=\"summary_large_image\" \/>\n<meta name=\"twitter:label1\" content=\"Dur\u00e9e de lecture estim\u00e9e\" \/>\n\t<meta name=\"twitter:data1\" content=\"1 minute\" \/>\n<script type=\"application\/ld+json\" class=\"yoast-schema-graph\">{\"@context\":\"https:\/\/schema.org\",\"@graph\":[{\"@type\":\"WebPage\",\"@id\":\"https:\/\/continuingeducation.johnabbott.qc.ca\/fr\/accessibilite\/\",\"url\":\"https:\/\/continuingeducation.johnabbott.qc.ca\/fr\/accessibilite\/\",\"name\":\"Accessibilit\u00e9 - John Abbott College\",\"isPartOf\":{\"@id\":\"https:\/\/continuingeducation.johnabbott.qc.ca\/#website\"},\"datePublished\":\"2020-08-14T20:13:22+00:00\",\"dateModified\":\"2023-03-02T15:46:05+00:00\",\"breadcrumb\":{\"@id\":\"https:\/\/continuingeducation.johnabbott.qc.ca\/fr\/accessibilite\/#breadcrumb\"},\"inLanguage\":\"fr-FR\",\"potentialAction\":[{\"@type\":\"ReadAction\",\"target\":[\"https:\/\/continuingeducation.johnabbott.qc.ca\/fr\/accessibilite\/\"]}]},{\"@type\":\"BreadcrumbList\",\"@id\":\"https:\/\/continuingeducation.johnabbott.qc.ca\/fr\/accessibilite\/#breadcrumb\",\"itemListElement\":[{\"@type\":\"ListItem\",\"position\":1,\"name\":\"Home\",\"item\":\"https:\/\/continuingeducation.johnabbott.qc.ca\/fr\/\"},{\"@type\":\"ListItem\",\"position\":2,\"name\":\"Accessibilit\u00e9\"}]},{\"@type\":\"WebSite\",\"@id\":\"https:\/\/continuingeducation.johnabbott.qc.ca\/#website\",\"url\":\"https:\/\/continuingeducation.johnabbott.qc.ca\/\",\"name\":\"John Abbott College\",\"description\":\"\",\"potentialAction\":[{\"@type\":\"SearchAction\",\"target\":{\"@type\":\"EntryPoint\",\"urlTemplate\":\"https:\/\/continuingeducation.johnabbott.qc.ca\/?s={search_term_string}\"},\"query-input\":{\"@type\":\"PropertyValueSpecification\",\"valueRequired\":true,\"valueName\":\"search_term_string\"}}],\"inLanguage\":\"fr-FR\"}]}<\/script>\n<!-- \/ Yoast SEO plugin. -->","yoast_head_json":{"title":"Accessibilit\u00e9 - John Abbott College","robots":{"index":"index","follow":"follow","max-snippet":"max-snippet:-1","max-image-preview":"max-image-preview:large","max-video-preview":"max-video-preview:-1"},"canonical":"https:\/\/continuingeducation.johnabbott.qc.ca\/fr\/accessibilite\/","og_locale":"fr_FR","og_type":"article","og_title":"Accessibilit\u00e9 - John Abbott College","og_description":"Le C\u00e9gep John-Abbott s\u2019engage \u00e0 assurer l\u2019accessibilit\u00e9 de ce site Web aux personnes handicap\u00e9es ou ayant des limitations physiques dans la mesure des ressources disponibles. Dans son \u00e9tat actuel, le site r\u00e9pond \u00e0 la plupart des exigences des Normes sur l\u2019accessibilit\u00e9 des sites Web, mais nous ne pouvons garantir la pleine conformit\u00e9 du contenu. Si [&hellip;]","og_url":"https:\/\/continuingeducation.johnabbott.qc.ca\/fr\/accessibilite\/","og_site_name":"John Abbott College","article_modified_time":"2023-03-02T15:46:05+00:00","twitter_card":"summary_large_image","twitter_misc":{"Dur\u00e9e de lecture estim\u00e9e":"1 minute"},"schema":{"@context":"https:\/\/schema.org","@graph":[{"@type":"WebPage","@id":"https:\/\/continuingeducation.johnabbott.qc.ca\/fr\/accessibilite\/","url":"https:\/\/continuingeducation.johnabbott.qc.ca\/fr\/accessibilite\/","name":"Accessibilit\u00e9 - John Abbott College","isPartOf":{"@id":"https:\/\/continuingeducation.johnabbott.qc.ca\/#website"},"datePublished":"2020-08-14T20:13:22+00:00","dateModified":"2023-03-02T15:46:05+00:00","breadcrumb":{"@id":"https:\/\/continuingeducation.johnabbott.qc.ca\/fr\/accessibilite\/#breadcrumb"},"inLanguage":"fr-FR","potentialAction":[{"@type":"ReadAction","target":["https:\/\/continuingeducation.johnabbott.qc.ca\/fr\/accessibilite\/"]}]},{"@type":"BreadcrumbList","@id":"https:\/\/continuingeducation.johnabbott.qc.ca\/fr\/accessibilite\/#breadcrumb","itemListElement":[{"@type":"ListItem","position":1,"name":"Home","item":"https:\/\/continuingeducation.johnabbott.qc.ca\/fr\/"},{"@type":"ListItem","position":2,"name":"Accessibilit\u00e9"}]},{"@type":"WebSite","@id":"https:\/\/continuingeducation.johnabbott.qc.ca\/#website","url":"https:\/\/continuingeducation.johnabbott.qc.ca\/","name":"John Abbott College","description":"","potentialAction":[{"@type":"SearchAction","target":{"@type":"EntryPoint","urlTemplate":"https:\/\/continuingeducation.johnabbott.qc.ca\/?s={search_term_string}"},"query-input":{"@type":"PropertyValueSpecification","valueRequired":true,"valueName":"search_term_string"}}],"inLanguage":"fr-FR"}]}},"_links":{"self":[{"href":"https:\/\/continuingeducation.johnabbott.qc.ca\/fr\/wp-json\/wp\/v2\/pages\/3719","targetHints":{"allow":["GET"]}}],"collection":[{"href":"https:\/\/continuingeducation.johnabbott.qc.ca\/fr\/wp-json\/wp\/v2\/pages"}],"about":[{"href":"https:\/\/continuingeducation.johnabbott.qc.ca\/fr\/wp-json\/wp\/v2\/types\/page"}],"author":[{"embeddable":true,"href":"https:\/\/continuingeducation.johnabbott.qc.ca\/fr\/wp-json\/wp\/v2\/users\/2"}],"replies":[{"embeddable":true,"href":"https:\/\/continuingeducation.johnabbott.qc.ca\/fr\/wp-json\/wp\/v2\/comments?post=3719"}],"version-history":[{"count":0,"href":"https:\/\/continuingeducation.johnabbott.qc.ca\/fr\/wp-json\/wp\/v2\/pages\/3719\/revisions"}],"wp:attachment":[{"href":"https:\/\/continuingeducation.johnabbott.qc.ca\/fr\/wp-json\/wp\/v2\/media?parent=3719"}],"curies":[{"name":"wp","href":"https:\/\/api.w.org\/{rel}","templated":true}]}}