{"id":3736,"date":"2020-08-03T20:43:05","date_gmt":"2020-08-03T20:43:05","guid":{"rendered":"https:\/\/continuingeducation.johnabbott.qc.ca\/applied-accounting-and-administration-info-session\/"},"modified":"2025-08-19T14:42:28","modified_gmt":"2025-08-19T18:42:28","slug":"applied-accounting-and-administration-info-session","status":"publish","type":"page","link":"https:\/\/continuingeducation.johnabbott.qc.ca\/fr\/applied-accounting-and-administration-info-session\/","title":{"rendered":"Applied Accounting and Administration"},"content":{"rendered":"<p>Les dipl\u00f4m\u00e9s peuvent occuper divers postes tels que commis aux comptes-fournisseurs ou d\u00e9biteurs, commis au service de la paie ou aide-comptable, technicien\/technicienne comptable, avec de nombreuses possibilit\u00e9s dans les petites, moyennes et grandes entreprises.<\/p>\n<p>Comp\u00e9tences acquises dans le cadre du programme :<\/p>\n<ul>\n<li>Expliquer les pratiques commerciales et les lois pertinentes au domaine de la comptabilit\u00e9 au Canada et au Qu\u00e9bec.<\/li>\n<li>Utiliser les technologies traditionnelles et \u00e9mergentes pour am\u00e9liorer la productivit\u00e9.<\/li>\n<li>Appliquer des proc\u00e9dures tout au long du cycle comptable en utilisant des applications bas\u00e9es sur le cloud et des logiciels de bureau.<\/li>\n<li>Analyser les donn\u00e9es financi\u00e8res afin d&rsquo;\u00e9clairer le processus de prise de d\u00e9cision.<\/li>\n<li>Pr\u00e9parer l&rsquo;imp\u00f4t sur le revenu des particuliers et des soci\u00e9t\u00e9s ainsi que la paie, conform\u00e9ment aux directives f\u00e9d\u00e9rales et provinciales en vigueur.<\/li>\n<li>Et plus encore&#8230;<\/li>\n<\/ul>\n<p>Faites le premier pas vers un parcours professionnel \u00e9panouissant !<\/p>\n<div class=\"responsive-form\"><iframe src=\"https:\/\/app.cyberimpact.com\/clients\/47564\/subscribe-forms\/E89F3862-AEE3-4337-AE25-6B6E5A18DAF1\" width=\"800\" height=\"900\" frameborder=\"0\" marginwidth=\"0\" marginheight=\"0\" scrolling=\"auto\"><span data-mce-type=\"bookmark\" style=\"display: inline-block; width: 0px; overflow: hidden; line-height: 0;\" class=\"mce_SELRES_start\">\ufeff<\/span><\/iframe><\/div>\n","protected":false},"excerpt":{"rendered":"<p>Les dipl\u00f4m\u00e9s peuvent occuper divers postes tels que commis aux comptes-fournisseurs ou d\u00e9biteurs, commis au service de la paie ou aide-comptable, technicien\/technicienne comptable, avec de nombreuses possibilit\u00e9s dans les petites, moyennes et grandes entreprises. Comp\u00e9tences acquises dans le cadre du programme : Expliquer les pratiques commerciales et les lois pertinentes au domaine de la comptabilit\u00e9 [&hellip;]<\/p>\n","protected":false},"author":12,"featured_media":0,"parent":0,"menu_order":0,"comment_status":"closed","ping_status":"closed","template":"page-templates\/form-page.php","meta":{"_acf_changed":false,"footnotes":""},"class_list":["post-3736","page","type-page","status-publish","hentry"],"acf":[],"yoast_head":"<!-- This site is optimized with the Yoast SEO plugin v26.8 - https:\/\/yoast.com\/product\/yoast-seo-wordpress\/ -->\n<title>Applied Accounting and Administration - John Abbott College<\/title>\n<meta name=\"robots\" content=\"index, follow, max-snippet:-1, max-image-preview:large, max-video-preview:-1\" \/>\n<link rel=\"canonical\" href=\"https:\/\/continuingeducation.johnabbott.qc.ca\/fr\/applied-accounting-and-administration-info-session\/\" \/>\n<meta property=\"og:locale\" content=\"fr_FR\" \/>\n<meta property=\"og:type\" content=\"article\" \/>\n<meta property=\"og:title\" content=\"Applied Accounting and Administration - John Abbott College\" \/>\n<meta property=\"og:description\" content=\"Les dipl\u00f4m\u00e9s peuvent occuper divers postes tels que commis aux comptes-fournisseurs ou d\u00e9biteurs, commis au service de la paie ou aide-comptable, technicien\/technicienne comptable, avec de nombreuses possibilit\u00e9s dans les petites, moyennes et grandes entreprises. Comp\u00e9tences acquises dans le cadre du programme : Expliquer les pratiques commerciales et les lois pertinentes au domaine de la comptabilit\u00e9 [&hellip;]\" \/>\n<meta property=\"og:url\" content=\"https:\/\/continuingeducation.johnabbott.qc.ca\/fr\/applied-accounting-and-administration-info-session\/\" \/>\n<meta property=\"og:site_name\" content=\"John Abbott College\" \/>\n<meta property=\"article:modified_time\" content=\"2025-08-19T18:42:28+00:00\" \/>\n<meta name=\"twitter:card\" content=\"summary_large_image\" \/>\n<meta name=\"twitter:label1\" content=\"Dur\u00e9e de lecture estim\u00e9e\" \/>\n\t<meta name=\"twitter:data1\" content=\"1 minute\" \/>\n<script type=\"application\/ld+json\" class=\"yoast-schema-graph\">{\"@context\":\"https:\/\/schema.org\",\"@graph\":[{\"@type\":\"WebPage\",\"@id\":\"https:\/\/continuingeducation.johnabbott.qc.ca\/fr\/applied-accounting-and-administration-info-session\/\",\"url\":\"https:\/\/continuingeducation.johnabbott.qc.ca\/fr\/applied-accounting-and-administration-info-session\/\",\"name\":\"Applied Accounting and Administration - John Abbott College\",\"isPartOf\":{\"@id\":\"https:\/\/continuingeducation.johnabbott.qc.ca\/#website\"},\"datePublished\":\"2020-08-03T20:43:05+00:00\",\"dateModified\":\"2025-08-19T18:42:28+00:00\",\"breadcrumb\":{\"@id\":\"https:\/\/continuingeducation.johnabbott.qc.ca\/fr\/applied-accounting-and-administration-info-session\/#breadcrumb\"},\"inLanguage\":\"fr-FR\",\"potentialAction\":[{\"@type\":\"ReadAction\",\"target\":[\"https:\/\/continuingeducation.johnabbott.qc.ca\/fr\/applied-accounting-and-administration-info-session\/\"]}]},{\"@type\":\"BreadcrumbList\",\"@id\":\"https:\/\/continuingeducation.johnabbott.qc.ca\/fr\/applied-accounting-and-administration-info-session\/#breadcrumb\",\"itemListElement\":[{\"@type\":\"ListItem\",\"position\":1,\"name\":\"Home\",\"item\":\"https:\/\/continuingeducation.johnabbott.qc.ca\/fr\/\"},{\"@type\":\"ListItem\",\"position\":2,\"name\":\"Applied Accounting and Administration\"}]},{\"@type\":\"WebSite\",\"@id\":\"https:\/\/continuingeducation.johnabbott.qc.ca\/#website\",\"url\":\"https:\/\/continuingeducation.johnabbott.qc.ca\/\",\"name\":\"John Abbott College\",\"description\":\"\",\"potentialAction\":[{\"@type\":\"SearchAction\",\"target\":{\"@type\":\"EntryPoint\",\"urlTemplate\":\"https:\/\/continuingeducation.johnabbott.qc.ca\/?s={search_term_string}\"},\"query-input\":{\"@type\":\"PropertyValueSpecification\",\"valueRequired\":true,\"valueName\":\"search_term_string\"}}],\"inLanguage\":\"fr-FR\"}]}<\/script>\n<!-- \/ Yoast SEO plugin. -->","yoast_head_json":{"title":"Applied Accounting and Administration - John Abbott College","robots":{"index":"index","follow":"follow","max-snippet":"max-snippet:-1","max-image-preview":"max-image-preview:large","max-video-preview":"max-video-preview:-1"},"canonical":"https:\/\/continuingeducation.johnabbott.qc.ca\/fr\/applied-accounting-and-administration-info-session\/","og_locale":"fr_FR","og_type":"article","og_title":"Applied Accounting and Administration - John Abbott College","og_description":"Les dipl\u00f4m\u00e9s peuvent occuper divers postes tels que commis aux comptes-fournisseurs ou d\u00e9biteurs, commis au service de la paie ou aide-comptable, technicien\/technicienne comptable, avec de nombreuses possibilit\u00e9s dans les petites, moyennes et grandes entreprises. Comp\u00e9tences acquises dans le cadre du programme : Expliquer les pratiques commerciales et les lois pertinentes au domaine de la comptabilit\u00e9 [&hellip;]","og_url":"https:\/\/continuingeducation.johnabbott.qc.ca\/fr\/applied-accounting-and-administration-info-session\/","og_site_name":"John Abbott College","article_modified_time":"2025-08-19T18:42:28+00:00","twitter_card":"summary_large_image","twitter_misc":{"Dur\u00e9e de lecture estim\u00e9e":"1 minute"},"schema":{"@context":"https:\/\/schema.org","@graph":[{"@type":"WebPage","@id":"https:\/\/continuingeducation.johnabbott.qc.ca\/fr\/applied-accounting-and-administration-info-session\/","url":"https:\/\/continuingeducation.johnabbott.qc.ca\/fr\/applied-accounting-and-administration-info-session\/","name":"Applied Accounting and Administration - John Abbott College","isPartOf":{"@id":"https:\/\/continuingeducation.johnabbott.qc.ca\/#website"},"datePublished":"2020-08-03T20:43:05+00:00","dateModified":"2025-08-19T18:42:28+00:00","breadcrumb":{"@id":"https:\/\/continuingeducation.johnabbott.qc.ca\/fr\/applied-accounting-and-administration-info-session\/#breadcrumb"},"inLanguage":"fr-FR","potentialAction":[{"@type":"ReadAction","target":["https:\/\/continuingeducation.johnabbott.qc.ca\/fr\/applied-accounting-and-administration-info-session\/"]}]},{"@type":"BreadcrumbList","@id":"https:\/\/continuingeducation.johnabbott.qc.ca\/fr\/applied-accounting-and-administration-info-session\/#breadcrumb","itemListElement":[{"@type":"ListItem","position":1,"name":"Home","item":"https:\/\/continuingeducation.johnabbott.qc.ca\/fr\/"},{"@type":"ListItem","position":2,"name":"Applied Accounting and Administration"}]},{"@type":"WebSite","@id":"https:\/\/continuingeducation.johnabbott.qc.ca\/#website","url":"https:\/\/continuingeducation.johnabbott.qc.ca\/","name":"John Abbott College","description":"","potentialAction":[{"@type":"SearchAction","target":{"@type":"EntryPoint","urlTemplate":"https:\/\/continuingeducation.johnabbott.qc.ca\/?s={search_term_string}"},"query-input":{"@type":"PropertyValueSpecification","valueRequired":true,"valueName":"search_term_string"}}],"inLanguage":"fr-FR"}]}},"_links":{"self":[{"href":"https:\/\/continuingeducation.johnabbott.qc.ca\/fr\/wp-json\/wp\/v2\/pages\/3736","targetHints":{"allow":["GET"]}}],"collection":[{"href":"https:\/\/continuingeducation.johnabbott.qc.ca\/fr\/wp-json\/wp\/v2\/pages"}],"about":[{"href":"https:\/\/continuingeducation.johnabbott.qc.ca\/fr\/wp-json\/wp\/v2\/types\/page"}],"author":[{"embeddable":true,"href":"https:\/\/continuingeducation.johnabbott.qc.ca\/fr\/wp-json\/wp\/v2\/users\/12"}],"replies":[{"embeddable":true,"href":"https:\/\/continuingeducation.johnabbott.qc.ca\/fr\/wp-json\/wp\/v2\/comments?post=3736"}],"version-history":[{"count":7,"href":"https:\/\/continuingeducation.johnabbott.qc.ca\/fr\/wp-json\/wp\/v2\/pages\/3736\/revisions"}],"predecessor-version":[{"id":7299,"href":"https:\/\/continuingeducation.johnabbott.qc.ca\/fr\/wp-json\/wp\/v2\/pages\/3736\/revisions\/7299"}],"wp:attachment":[{"href":"https:\/\/continuingeducation.johnabbott.qc.ca\/fr\/wp-json\/wp\/v2\/media?parent=3736"}],"curies":[{"name":"wp","href":"https:\/\/api.w.org\/{rel}","templated":true}]}}