{"id":3768,"date":"2019-05-08T01:38:14","date_gmt":"2019-05-08T01:38:14","guid":{"rendered":"https:\/\/continuingeducation.johnabbott.qc.ca\/privacy-policy\/"},"modified":"2023-03-02T10:48:43","modified_gmt":"2023-03-02T15:48:43","slug":"politique-de-confidentialite","status":"publish","type":"page","link":"https:\/\/continuingeducation.johnabbott.qc.ca\/fr\/politique-de-confidentialite\/","title":{"rendered":"Politique de confidentialit\u00e9"},"content":{"rendered":"<p>La confidentialit\u00e9 en ligne et la protection des renseignements personnels sont cruciales. La pr\u00e9sente politique d\u00e9crit comment certains renseignements sont recueillis lorsque vous visitez notre site Web et comment nous utilisons ces renseignements.<\/p>\n<p><strong>Collecte et utilisation des renseignements<br \/>\n<\/strong>Nous acc\u00e9dons aux renseignements que vous fournissez lorsque vous remplissez des formulaires en ligne sur notre site Web ou lorsque vous nous envoyez un courriel. Le C\u00e9gep John-Abbott ne communiquera jamais ces renseignements \u00e0 un tiers sans votre consentement.<\/p>\n<p>Nous utiliserons vos renseignements pour r\u00e9pondre \u00e0 une question que vous nous avez pos\u00e9e, pour vous donner les renseignements que vous cherchez, pour vous inscrire \u00e0 une s\u00e9ance d\u2019information sur les cours ou programmes \u00e0 venir, et ainsi de suite.<\/p>\n<p>Vos renseignements sont prot\u00e9g\u00e9s en ligne et hors ligne.<\/p>\n<p><strong>T\u00e9moins et pixels espions<br \/>\n<\/strong>Nous utilisons des t\u00e9moins et des pixels espions sur notre site Web. Un t\u00e9moin est un court texte stock\u00e9 sur le disque dur de votre ordinateur qui vous aidera \u00e0 am\u00e9liorer votre acc\u00e8s \u00e0 notre site. Les pixels espions nous permettent de suivre les visites sur le site Web, les impressions des publicit\u00e9s num\u00e9riques et d\u2019autres types d\u2019activit\u00e9s sur le Web.<\/p>\n<p><strong>Liens<br \/>\n<\/strong>Le site Web du Service de la formation continue du C\u00e9gep John\u2011Abbott contient des liens vers d\u2019autres sites Web. Nous ne sommes pas responsables du contenu de ces sites externes ni de leur utilisation des renseignements.<\/p>\n<p><strong>S<\/strong><strong>ondages<br \/>\n<\/strong>Nous publions des sondages \u00e0 l\u2019occasion. La participation est volontaire. Les renseignements sont recueillis \u00e0 des fins statistiques ou d\u2019am\u00e9lioration d\u2019un service.<\/p>\n","protected":false},"excerpt":{"rendered":"<p>La confidentialit\u00e9 en ligne et la protection des renseignements personnels sont cruciales. La pr\u00e9sente politique d\u00e9crit comment certains renseignements sont recueillis lorsque vous visitez notre site Web et comment nous utilisons ces renseignements. Collecte et utilisation des renseignements Nous acc\u00e9dons aux renseignements que vous fournissez lorsque vous remplissez des formulaires en ligne sur notre site [&hellip;]<\/p>\n","protected":false},"author":1,"featured_media":0,"parent":0,"menu_order":0,"comment_status":"closed","ping_status":"closed","template":"","meta":{"_acf_changed":false,"footnotes":""},"class_list":["post-3768","page","type-page","status-publish","hentry"],"acf":[],"yoast_head":"<!-- This site is optimized with the Yoast SEO plugin v26.8 - https:\/\/yoast.com\/product\/yoast-seo-wordpress\/ -->\n<title>Politique de confidentialit\u00e9 - John Abbott College<\/title>\n<meta name=\"robots\" content=\"index, follow, max-snippet:-1, max-image-preview:large, max-video-preview:-1\" \/>\n<link rel=\"canonical\" href=\"https:\/\/continuingeducation.johnabbott.qc.ca\/fr\/politique-de-confidentialite\/\" \/>\n<meta property=\"og:locale\" content=\"fr_FR\" \/>\n<meta property=\"og:type\" content=\"article\" \/>\n<meta property=\"og:title\" content=\"Politique de confidentialit\u00e9 - John Abbott College\" \/>\n<meta property=\"og:description\" content=\"La confidentialit\u00e9 en ligne et la protection des renseignements personnels sont cruciales. La pr\u00e9sente politique d\u00e9crit comment certains renseignements sont recueillis lorsque vous visitez notre site Web et comment nous utilisons ces renseignements. Collecte et utilisation des renseignements Nous acc\u00e9dons aux renseignements que vous fournissez lorsque vous remplissez des formulaires en ligne sur notre site [&hellip;]\" \/>\n<meta property=\"og:url\" content=\"https:\/\/continuingeducation.johnabbott.qc.ca\/fr\/politique-de-confidentialite\/\" \/>\n<meta property=\"og:site_name\" content=\"John Abbott College\" \/>\n<meta property=\"article:modified_time\" content=\"2023-03-02T15:48:43+00:00\" \/>\n<meta name=\"twitter:card\" content=\"summary_large_image\" \/>\n<meta name=\"twitter:label1\" content=\"Dur\u00e9e de lecture estim\u00e9e\" \/>\n\t<meta name=\"twitter:data1\" content=\"2 minutes\" \/>\n<script type=\"application\/ld+json\" class=\"yoast-schema-graph\">{\"@context\":\"https:\/\/schema.org\",\"@graph\":[{\"@type\":\"WebPage\",\"@id\":\"https:\/\/continuingeducation.johnabbott.qc.ca\/fr\/politique-de-confidentialite\/\",\"url\":\"https:\/\/continuingeducation.johnabbott.qc.ca\/fr\/politique-de-confidentialite\/\",\"name\":\"Politique de confidentialit\u00e9 - John Abbott College\",\"isPartOf\":{\"@id\":\"https:\/\/continuingeducation.johnabbott.qc.ca\/#website\"},\"datePublished\":\"2019-05-08T01:38:14+00:00\",\"dateModified\":\"2023-03-02T15:48:43+00:00\",\"breadcrumb\":{\"@id\":\"https:\/\/continuingeducation.johnabbott.qc.ca\/fr\/politique-de-confidentialite\/#breadcrumb\"},\"inLanguage\":\"fr-FR\",\"potentialAction\":[{\"@type\":\"ReadAction\",\"target\":[\"https:\/\/continuingeducation.johnabbott.qc.ca\/fr\/politique-de-confidentialite\/\"]}]},{\"@type\":\"BreadcrumbList\",\"@id\":\"https:\/\/continuingeducation.johnabbott.qc.ca\/fr\/politique-de-confidentialite\/#breadcrumb\",\"itemListElement\":[{\"@type\":\"ListItem\",\"position\":1,\"name\":\"Home\",\"item\":\"https:\/\/continuingeducation.johnabbott.qc.ca\/fr\/\"},{\"@type\":\"ListItem\",\"position\":2,\"name\":\"Politique de confidentialit\u00e9\"}]},{\"@type\":\"WebSite\",\"@id\":\"https:\/\/continuingeducation.johnabbott.qc.ca\/#website\",\"url\":\"https:\/\/continuingeducation.johnabbott.qc.ca\/\",\"name\":\"John Abbott College\",\"description\":\"\",\"potentialAction\":[{\"@type\":\"SearchAction\",\"target\":{\"@type\":\"EntryPoint\",\"urlTemplate\":\"https:\/\/continuingeducation.johnabbott.qc.ca\/?s={search_term_string}\"},\"query-input\":{\"@type\":\"PropertyValueSpecification\",\"valueRequired\":true,\"valueName\":\"search_term_string\"}}],\"inLanguage\":\"fr-FR\"}]}<\/script>\n<!-- \/ Yoast SEO plugin. -->","yoast_head_json":{"title":"Politique de confidentialit\u00e9 - John Abbott College","robots":{"index":"index","follow":"follow","max-snippet":"max-snippet:-1","max-image-preview":"max-image-preview:large","max-video-preview":"max-video-preview:-1"},"canonical":"https:\/\/continuingeducation.johnabbott.qc.ca\/fr\/politique-de-confidentialite\/","og_locale":"fr_FR","og_type":"article","og_title":"Politique de confidentialit\u00e9 - John Abbott College","og_description":"La confidentialit\u00e9 en ligne et la protection des renseignements personnels sont cruciales. La pr\u00e9sente politique d\u00e9crit comment certains renseignements sont recueillis lorsque vous visitez notre site Web et comment nous utilisons ces renseignements. Collecte et utilisation des renseignements Nous acc\u00e9dons aux renseignements que vous fournissez lorsque vous remplissez des formulaires en ligne sur notre site [&hellip;]","og_url":"https:\/\/continuingeducation.johnabbott.qc.ca\/fr\/politique-de-confidentialite\/","og_site_name":"John Abbott College","article_modified_time":"2023-03-02T15:48:43+00:00","twitter_card":"summary_large_image","twitter_misc":{"Dur\u00e9e de lecture estim\u00e9e":"2 minutes"},"schema":{"@context":"https:\/\/schema.org","@graph":[{"@type":"WebPage","@id":"https:\/\/continuingeducation.johnabbott.qc.ca\/fr\/politique-de-confidentialite\/","url":"https:\/\/continuingeducation.johnabbott.qc.ca\/fr\/politique-de-confidentialite\/","name":"Politique de confidentialit\u00e9 - John Abbott College","isPartOf":{"@id":"https:\/\/continuingeducation.johnabbott.qc.ca\/#website"},"datePublished":"2019-05-08T01:38:14+00:00","dateModified":"2023-03-02T15:48:43+00:00","breadcrumb":{"@id":"https:\/\/continuingeducation.johnabbott.qc.ca\/fr\/politique-de-confidentialite\/#breadcrumb"},"inLanguage":"fr-FR","potentialAction":[{"@type":"ReadAction","target":["https:\/\/continuingeducation.johnabbott.qc.ca\/fr\/politique-de-confidentialite\/"]}]},{"@type":"BreadcrumbList","@id":"https:\/\/continuingeducation.johnabbott.qc.ca\/fr\/politique-de-confidentialite\/#breadcrumb","itemListElement":[{"@type":"ListItem","position":1,"name":"Home","item":"https:\/\/continuingeducation.johnabbott.qc.ca\/fr\/"},{"@type":"ListItem","position":2,"name":"Politique de confidentialit\u00e9"}]},{"@type":"WebSite","@id":"https:\/\/continuingeducation.johnabbott.qc.ca\/#website","url":"https:\/\/continuingeducation.johnabbott.qc.ca\/","name":"John Abbott College","description":"","potentialAction":[{"@type":"SearchAction","target":{"@type":"EntryPoint","urlTemplate":"https:\/\/continuingeducation.johnabbott.qc.ca\/?s={search_term_string}"},"query-input":{"@type":"PropertyValueSpecification","valueRequired":true,"valueName":"search_term_string"}}],"inLanguage":"fr-FR"}]}},"_links":{"self":[{"href":"https:\/\/continuingeducation.johnabbott.qc.ca\/fr\/wp-json\/wp\/v2\/pages\/3768","targetHints":{"allow":["GET"]}}],"collection":[{"href":"https:\/\/continuingeducation.johnabbott.qc.ca\/fr\/wp-json\/wp\/v2\/pages"}],"about":[{"href":"https:\/\/continuingeducation.johnabbott.qc.ca\/fr\/wp-json\/wp\/v2\/types\/page"}],"author":[{"embeddable":true,"href":"https:\/\/continuingeducation.johnabbott.qc.ca\/fr\/wp-json\/wp\/v2\/users\/1"}],"replies":[{"embeddable":true,"href":"https:\/\/continuingeducation.johnabbott.qc.ca\/fr\/wp-json\/wp\/v2\/comments?post=3768"}],"version-history":[{"count":1,"href":"https:\/\/continuingeducation.johnabbott.qc.ca\/fr\/wp-json\/wp\/v2\/pages\/3768\/revisions"}],"predecessor-version":[{"id":4301,"href":"https:\/\/continuingeducation.johnabbott.qc.ca\/fr\/wp-json\/wp\/v2\/pages\/3768\/revisions\/4301"}],"wp:attachment":[{"href":"https:\/\/continuingeducation.johnabbott.qc.ca\/fr\/wp-json\/wp\/v2\/media?parent=3768"}],"curies":[{"name":"wp","href":"https:\/\/api.w.org\/{rel}","templated":true}]}}