{"id":6474,"date":"2024-08-27T14:30:11","date_gmt":"2024-08-27T18:30:11","guid":{"rendered":"https:\/\/continuingeducation.johnabbott.qc.ca\/?page_id=6474"},"modified":"2024-08-27T14:30:11","modified_gmt":"2024-08-27T18:30:11","slug":"rac-pharmacy-seances-dinformation","status":"publish","type":"page","link":"https:\/\/continuingeducation.johnabbott.qc.ca\/fr\/rac-pharmacy-seances-dinformation\/","title":{"rendered":"RAC Pharmacy &#8211; S\u00e9ance(s) d&rsquo;information"},"content":{"rendered":"<p id=\"tw-target-text\" class=\"tw-data-text tw-text-large tw-ta\" dir=\"ltr\" data-placeholder=\"Translation\"><span style=\"color: #ff0000;\"><strong>Veuillez soumettre votre demande de participation \u00e0 une session d&rsquo;information en une seule fois.<\/strong><\/span><\/p>\n<p>Inscrivez-vous d\u00e8s aujourd&rsquo;hui \u00e0 une s\u00e9ance d&rsquo;information et faites le premier pas vers un parcours professionnel \u00e9panouissant !<\/p>\n<p><iframe src=\"https:\/\/app.cyberimpact.com\/clients\/47564\/subscribe-forms\/81694112-C960-42A1-976A-7F2F7F7CBDF5\" width=\"800\" height=\"900\" frameborder=\"0\" marginwidth=\"0\" marginheight=\"0\" scrolling=\"auto\"><span data-mce-type=\"bookmark\" style=\"display: inline-block; width: 0px; overflow: hidden; line-height: 0;\" class=\"mce_SELRES_start\">\ufeff<\/span><span data-mce-type=\"bookmark\" style=\"display: inline-block; width: 0px; overflow: hidden; line-height: 0;\" class=\"mce_SELRES_start\">\ufeff<\/span><span data-mce-type=\"bookmark\" style=\"display: inline-block; width: 0px; overflow: hidden; line-height: 0;\" class=\"mce_SELRES_start\">\ufeff<\/span><\/iframe><\/p>\n","protected":false},"excerpt":{"rendered":"<p>Veuillez soumettre votre demande de participation \u00e0 une session d&rsquo;information en une seule fois. Inscrivez-vous d\u00e8s aujourd&rsquo;hui \u00e0 une s\u00e9ance d&rsquo;information et faites le premier pas vers un parcours professionnel \u00e9panouissant ! \ufeff\ufeff\ufeff<\/p>\n","protected":false},"author":8,"featured_media":0,"parent":0,"menu_order":0,"comment_status":"closed","ping_status":"closed","template":"","meta":{"_acf_changed":false,"footnotes":""},"class_list":["post-6474","page","type-page","status-publish","hentry"],"acf":[],"yoast_head":"<!-- This site is optimized with the Yoast SEO plugin v26.8 - https:\/\/yoast.com\/product\/yoast-seo-wordpress\/ -->\n<title>RAC Pharmacy - S\u00e9ance(s) d&#039;information - John Abbott College<\/title>\n<meta name=\"robots\" content=\"index, follow, max-snippet:-1, max-image-preview:large, max-video-preview:-1\" \/>\n<link rel=\"canonical\" href=\"https:\/\/continuingeducation.johnabbott.qc.ca\/fr\/rac-pharmacy-seances-dinformation\/\" \/>\n<meta property=\"og:locale\" content=\"fr_FR\" \/>\n<meta property=\"og:type\" content=\"article\" \/>\n<meta property=\"og:title\" content=\"RAC Pharmacy - S\u00e9ance(s) d&#039;information - John Abbott College\" \/>\n<meta property=\"og:description\" content=\"Veuillez soumettre votre demande de participation \u00e0 une session d&rsquo;information en une seule fois. Inscrivez-vous d\u00e8s aujourd&rsquo;hui \u00e0 une s\u00e9ance d&rsquo;information et faites le premier pas vers un parcours professionnel \u00e9panouissant ! \ufeff\ufeff\ufeff\" \/>\n<meta property=\"og:url\" content=\"https:\/\/continuingeducation.johnabbott.qc.ca\/fr\/rac-pharmacy-seances-dinformation\/\" \/>\n<meta property=\"og:site_name\" content=\"John Abbott College\" \/>\n<meta name=\"twitter:card\" content=\"summary_large_image\" \/>\n<meta name=\"twitter:label1\" content=\"Dur\u00e9e de lecture estim\u00e9e\" \/>\n\t<meta name=\"twitter:data1\" content=\"1 minute\" \/>\n<script type=\"application\/ld+json\" class=\"yoast-schema-graph\">{\"@context\":\"https:\/\/schema.org\",\"@graph\":[{\"@type\":\"WebPage\",\"@id\":\"https:\/\/continuingeducation.johnabbott.qc.ca\/fr\/rac-pharmacy-seances-dinformation\/\",\"url\":\"https:\/\/continuingeducation.johnabbott.qc.ca\/fr\/rac-pharmacy-seances-dinformation\/\",\"name\":\"RAC Pharmacy - S\u00e9ance(s) d'information - John Abbott College\",\"isPartOf\":{\"@id\":\"https:\/\/continuingeducation.johnabbott.qc.ca\/#website\"},\"datePublished\":\"2024-08-27T18:30:11+00:00\",\"breadcrumb\":{\"@id\":\"https:\/\/continuingeducation.johnabbott.qc.ca\/fr\/rac-pharmacy-seances-dinformation\/#breadcrumb\"},\"inLanguage\":\"fr-FR\",\"potentialAction\":[{\"@type\":\"ReadAction\",\"target\":[\"https:\/\/continuingeducation.johnabbott.qc.ca\/fr\/rac-pharmacy-seances-dinformation\/\"]}]},{\"@type\":\"BreadcrumbList\",\"@id\":\"https:\/\/continuingeducation.johnabbott.qc.ca\/fr\/rac-pharmacy-seances-dinformation\/#breadcrumb\",\"itemListElement\":[{\"@type\":\"ListItem\",\"position\":1,\"name\":\"Home\",\"item\":\"https:\/\/continuingeducation.johnabbott.qc.ca\/fr\/\"},{\"@type\":\"ListItem\",\"position\":2,\"name\":\"RAC Pharmacy &#8211; S\u00e9ance(s) d&#8217;information\"}]},{\"@type\":\"WebSite\",\"@id\":\"https:\/\/continuingeducation.johnabbott.qc.ca\/#website\",\"url\":\"https:\/\/continuingeducation.johnabbott.qc.ca\/\",\"name\":\"John Abbott College\",\"description\":\"\",\"potentialAction\":[{\"@type\":\"SearchAction\",\"target\":{\"@type\":\"EntryPoint\",\"urlTemplate\":\"https:\/\/continuingeducation.johnabbott.qc.ca\/?s={search_term_string}\"},\"query-input\":{\"@type\":\"PropertyValueSpecification\",\"valueRequired\":true,\"valueName\":\"search_term_string\"}}],\"inLanguage\":\"fr-FR\"}]}<\/script>\n<!-- \/ Yoast SEO plugin. -->","yoast_head_json":{"title":"RAC Pharmacy - S\u00e9ance(s) d'information - John Abbott College","robots":{"index":"index","follow":"follow","max-snippet":"max-snippet:-1","max-image-preview":"max-image-preview:large","max-video-preview":"max-video-preview:-1"},"canonical":"https:\/\/continuingeducation.johnabbott.qc.ca\/fr\/rac-pharmacy-seances-dinformation\/","og_locale":"fr_FR","og_type":"article","og_title":"RAC Pharmacy - S\u00e9ance(s) d'information - John Abbott College","og_description":"Veuillez soumettre votre demande de participation \u00e0 une session d&rsquo;information en une seule fois. Inscrivez-vous d\u00e8s aujourd&rsquo;hui \u00e0 une s\u00e9ance d&rsquo;information et faites le premier pas vers un parcours professionnel \u00e9panouissant ! \ufeff\ufeff\ufeff","og_url":"https:\/\/continuingeducation.johnabbott.qc.ca\/fr\/rac-pharmacy-seances-dinformation\/","og_site_name":"John Abbott College","twitter_card":"summary_large_image","twitter_misc":{"Dur\u00e9e de lecture estim\u00e9e":"1 minute"},"schema":{"@context":"https:\/\/schema.org","@graph":[{"@type":"WebPage","@id":"https:\/\/continuingeducation.johnabbott.qc.ca\/fr\/rac-pharmacy-seances-dinformation\/","url":"https:\/\/continuingeducation.johnabbott.qc.ca\/fr\/rac-pharmacy-seances-dinformation\/","name":"RAC Pharmacy - S\u00e9ance(s) d'information - John Abbott College","isPartOf":{"@id":"https:\/\/continuingeducation.johnabbott.qc.ca\/#website"},"datePublished":"2024-08-27T18:30:11+00:00","breadcrumb":{"@id":"https:\/\/continuingeducation.johnabbott.qc.ca\/fr\/rac-pharmacy-seances-dinformation\/#breadcrumb"},"inLanguage":"fr-FR","potentialAction":[{"@type":"ReadAction","target":["https:\/\/continuingeducation.johnabbott.qc.ca\/fr\/rac-pharmacy-seances-dinformation\/"]}]},{"@type":"BreadcrumbList","@id":"https:\/\/continuingeducation.johnabbott.qc.ca\/fr\/rac-pharmacy-seances-dinformation\/#breadcrumb","itemListElement":[{"@type":"ListItem","position":1,"name":"Home","item":"https:\/\/continuingeducation.johnabbott.qc.ca\/fr\/"},{"@type":"ListItem","position":2,"name":"RAC Pharmacy &#8211; S\u00e9ance(s) d&#8217;information"}]},{"@type":"WebSite","@id":"https:\/\/continuingeducation.johnabbott.qc.ca\/#website","url":"https:\/\/continuingeducation.johnabbott.qc.ca\/","name":"John Abbott College","description":"","potentialAction":[{"@type":"SearchAction","target":{"@type":"EntryPoint","urlTemplate":"https:\/\/continuingeducation.johnabbott.qc.ca\/?s={search_term_string}"},"query-input":{"@type":"PropertyValueSpecification","valueRequired":true,"valueName":"search_term_string"}}],"inLanguage":"fr-FR"}]}},"_links":{"self":[{"href":"https:\/\/continuingeducation.johnabbott.qc.ca\/fr\/wp-json\/wp\/v2\/pages\/6474","targetHints":{"allow":["GET"]}}],"collection":[{"href":"https:\/\/continuingeducation.johnabbott.qc.ca\/fr\/wp-json\/wp\/v2\/pages"}],"about":[{"href":"https:\/\/continuingeducation.johnabbott.qc.ca\/fr\/wp-json\/wp\/v2\/types\/page"}],"author":[{"embeddable":true,"href":"https:\/\/continuingeducation.johnabbott.qc.ca\/fr\/wp-json\/wp\/v2\/users\/8"}],"replies":[{"embeddable":true,"href":"https:\/\/continuingeducation.johnabbott.qc.ca\/fr\/wp-json\/wp\/v2\/comments?post=6474"}],"version-history":[{"count":1,"href":"https:\/\/continuingeducation.johnabbott.qc.ca\/fr\/wp-json\/wp\/v2\/pages\/6474\/revisions"}],"predecessor-version":[{"id":6476,"href":"https:\/\/continuingeducation.johnabbott.qc.ca\/fr\/wp-json\/wp\/v2\/pages\/6474\/revisions\/6476"}],"wp:attachment":[{"href":"https:\/\/continuingeducation.johnabbott.qc.ca\/fr\/wp-json\/wp\/v2\/media?parent=6474"}],"curies":[{"name":"wp","href":"https:\/\/api.w.org\/{rel}","templated":true}]}}